{"id":49,"date":"2018-10-16T11:46:36","date_gmt":"2018-10-16T14:46:36","guid":{"rendered":"http:\/\/marsegepis.com.br\/portal\/?page_id=49"},"modified":"2019-03-19T13:57:23","modified_gmt":"2019-03-19T16:57:23","slug":"contato","status":"publish","type":"page","link":"https:\/\/marsegepis.com.br\/portal\/contato\/","title":{"rendered":"Contato"},"content":{"rendered":"\t\t<div data-elementor-type=\"wp-post\" data-elementor-id=\"49\" class=\"elementor elementor-49 elementor-bc-flex-widget\" data-elementor-settings=\"[]\">\n\t\t\t\t\t\t<div class=\"elementor-inner\">\n\t\t\t\t\t\t\t<div class=\"elementor-section-wrap\">\n\t\t\t\t\t\t\t<section class=\"elementor-section elementor-top-section elementor-element elementor-element-51808a9 elementor-section-stretched elementor-section-boxed elementor-section-height-default elementor-section-height-default\" data-id=\"51808a9\" data-element_type=\"section\" data-settings=\"{&quot;stretch_section&quot;:&quot;section-stretched&quot;}\">\n\t\t\t\t\t\t<div class=\"elementor-container elementor-column-gap-default\">\n\t\t\t\t\t\t\t<div class=\"elementor-row\">\n\t\t\t\t\t<div class=\"elementor-column elementor-col-50 elementor-top-column elementor-element elementor-element-9ef90cc\" data-id=\"9ef90cc\" data-element_type=\"column\">\n\t\t\t<div class=\"elementor-column-wrap elementor-element-populated\">\n\t\t\t\t\t\t\t<div class=\"elementor-widget-wrap\">\n\t\t\t\t\t\t<div class=\"elementor-element elementor-element-fcc2bc4 elementor-icon-list--layout-traditional elementor-list-item-link-full_width elementor-widget elementor-widget-icon-list\" data-id=\"fcc2bc4\" data-element_type=\"widget\" data-widget_type=\"icon-list.default\">\n\t\t\t\t<div class=\"elementor-widget-container\">\n\t\t\t\t\t<ul class=\"elementor-icon-list-items\">\n\t\t\t\t\t\t\t<li class=\"elementor-icon-list-item\">\n\t\t\t\t\t\t\t\t\t\t\t<span class=\"elementor-icon-list-icon\">\n\t\t\t\t\t\t\t\t\t\t\t\t\t\t\t\t<i class=\"fa fa-mobile-phone\" aria-hidden=\"true\"><\/i>\n\t\t\t\t\t\t\t\t\t\t\t\t\t<\/span>\n\t\t\t\t\t\t\t\t\t\t<span class=\"elementor-icon-list-text\"> (34) 99653-6668<\/span>\n\t\t\t\t\t\t\t\t\t<\/li>\n\t\t\t\t\t\t\t\t<li class=\"elementor-icon-list-item\">\n\t\t\t\t\t\t\t\t\t\t\t<a href=\"mailto:contato@marsegepis.com.br\">\n\n\t\t\t\t\t\t\t\t\t\t\t\t<span class=\"elementor-icon-list-icon\">\n\t\t\t\t\t\t\t\t\t\t\t\t\t\t\t\t<i class=\"fa fa-envelope-o\" aria-hidden=\"true\"><\/i>\n\t\t\t\t\t\t\t\t\t\t\t\t\t<\/span>\n\t\t\t\t\t\t\t\t\t\t<span class=\"elementor-icon-list-text\">contato@marsegepis.com.br<\/span>\n\t\t\t\t\t\t\t\t\t\t\t<\/a>\n\t\t\t\t\t\t\t\t\t<\/li>\n\t\t\t\t\t\t\t\t<li class=\"elementor-icon-list-item\">\n\t\t\t\t\t\t\t\t\t\t\t<span class=\"elementor-icon-list-icon\">\n\t\t\t\t\t\t\t\t\t\t\t\t\t\t\t\t<i class=\"fa fa-dot-circle-o\" aria-hidden=\"true\"><\/i>\n\t\t\t\t\t\t\t\t\t\t\t\t\t<\/span>\n\t\t\t\t\t\t\t\t\t\t<span class=\"elementor-icon-list-text\">Rua Timbiras 625 - Bairro Saraiva<br> Uberl\u00e2ndia - MG<\/span>\n\t\t\t\t\t\t\t\t\t<\/li>\n\t\t\t\t\t\t<\/ul>\n\t\t\t\t<\/div>\n\t\t\t\t<\/div>\n\t\t\t\t\t\t<\/div>\n\t\t\t\t\t<\/div>\n\t\t<\/div>\n\t\t\t\t<div class=\"elementor-column elementor-col-50 elementor-top-column elementor-element elementor-element-f4e0210\" data-id=\"f4e0210\" data-element_type=\"column\">\n\t\t\t<div class=\"elementor-column-wrap elementor-element-populated\">\n\t\t\t\t\t\t\t<div class=\"elementor-widget-wrap\">\n\t\t\t\t\t\t<div class=\"elementor-element elementor-element-b9c512d eael-caldera-form-labels-yes eael-caldera-form-button-custom elementor-widget elementor-widget-eael-caldera-form\" data-id=\"b9c512d\" data-element_type=\"widget\" data-widget_type=\"eael-caldera-form.default\">\n\t\t\t\t<div class=\"elementor-widget-container\">\n\t\t\t            <div class=\"eael-contact-form eael-caldera-form eael-contact-form-align-default\">\n                                <div class=\"caldera-grid\" id=\"caldera_form_1\" data-cf-ver=\"1.9.4\" data-cf-form-id=\"CF5a68e0c2adcc3\"><div id=\"caldera_notices_1\" data-spinner=\"https:\/\/marsegepis.com.br\/portal\/wp-admin\/images\/spinner.gif\"><\/div><form data-instance=\"1\" class=\"CF5a68e0c2adcc3 caldera_forms_form cfajax-trigger\" method=\"POST\" enctype=\"multipart\/form-data\" id=\"CF5a68e0c2adcc3_1\" data-form-id=\"CF5a68e0c2adcc3\" aria-label=\"Contato\" data-target=\"#caldera_notices_1\" data-template=\"#cfajax_CF5a68e0c2adcc3-tmpl\" data-cfajax=\"CF5a68e0c2adcc3\" data-load-element=\"_parent\" data-load-class=\"cf_processing\" data-post-disable=\"0\" data-action=\"cf_process_ajax_submit\" data-request=\"https:\/\/marsegepis.com.br\/portal\/cf-api\/CF5a68e0c2adcc3\" data-hiderows=\"true\">\r\n<input type=\"hidden\" id=\"_cf_verify_CF5a68e0c2adcc3\" name=\"_cf_verify\" value=\"a6cb82336a\"  data-nonce-time=\"1778672105\" \/><input type=\"hidden\" name=\"_wp_http_referer\" value=\"\/portal\/wp-json\/wp\/v2\/pages\/49\" \/><div id=\"cf2-CF5a68e0c2adcc3_1\"><\/div><input type=\"hidden\" name=\"_cf_frm_id\" value=\"CF5a68e0c2adcc3\">\r\n<input type=\"hidden\" name=\"_cf_frm_ct\" value=\"1\">\r\n<input type=\"hidden\" name=\"cfajax\" value=\"CF5a68e0c2adcc3\">\r\n<input type=\"hidden\" name=\"_cf_cr_pst\" value=\"49\">\r\n<div class=\"hide\" style=\"display:none; overflow:hidden;height:0;width:0;\">\r\n<label>E-mail<\/label><input type=\"text\" name=\"email\" value=\"\" autocomplete=\"off\">\r\n<\/div><div id=\"CF5a68e0c2adcc3_1-row-1\"  class=\"row  first_row\"><div  class=\"col-sm-12  single\"><div class=\"\"><h3>Formul\u00e1rio de Contato<\/h3>\n<hr>\n<\/div><div data-field-wrapper=\"fld_8768091\" class=\"form-group\" id=\"fld_8768091_1-wrap\">\r\n\t<label id=\"fld_8768091Label\" for=\"fld_8768091_1\" class=\"control-label\">Nome <span aria-hidden=\"true\" role=\"presentation\" class=\"field_required\" style=\"color:#ee0000;\">*<\/span><\/label>\r\n\t<div class=\"\">\r\n\t\t<input   required type=\"text\" data-field=\"fld_8768091\" class=\" form-control\" id=\"fld_8768091_1\" name=\"fld_8768091\" value=\"\" data-type=\"text\" aria-required=\"true\"   aria-labelledby=\"fld_8768091Label\" >\t\t\t<\/div>\r\n<\/div>\r\n<div data-field-wrapper=\"fld_6009157\" class=\"form-group\" id=\"fld_6009157_1-wrap\">\r\n\t<label id=\"fld_6009157Label\" for=\"fld_6009157_1\" class=\"control-label\">Endere\u00e7o de Email <span aria-hidden=\"true\" role=\"presentation\" class=\"field_required\" style=\"color:#ee0000;\">*<\/span><\/label>\r\n\t<div class=\"\">\r\n\t\t<input   required type=\"email\" data-field=\"fld_6009157\" class=\" form-control\" id=\"fld_6009157_1\" name=\"fld_6009157\" value=\"\" data-type=\"email\" aria-required=\"true\"   aria-labelledby=\"fld_6009157Label\" >\t\t\t<\/div>\r\n<\/div>\r\n<\/div><\/div><div id=\"CF5a68e0c2adcc3_1-row-2\"  class=\"row \"><div  class=\"col-sm-6  first_col\"><div data-field-wrapper=\"fld_6451579\" class=\"form-group\" id=\"fld_6451579_1-wrap\">\r\n\t<label id=\"fld_6451579Label\" for=\"fld_6451579_1\" class=\"control-label\">Celular<\/label>\r\n\t<div class=\"\">\r\n\t\t<input  data-inputmask=\"'mask': '(99)99999-9999'\"   type=\"phone\" data-field=\"fld_6451579\" class=\" form-control\" id=\"fld_6451579_1\" name=\"fld_6451579\" value=\"\" data-type=\"phone\"   aria-labelledby=\"fld_6451579Label\" >\t\t\t<\/div>\r\n<\/div>\r\n<\/div><div  class=\"col-sm-6  last_col\"><div data-field-wrapper=\"fld_182028\" class=\"form-group\" id=\"fld_182028_1-wrap\">\r\n\t<label id=\"fld_182028Label\" for=\"fld_182028_1\" class=\"control-label\">Fixo<\/label>\r\n\t<div class=\"\">\r\n\t\t<input  data-inputmask=\"'mask': '(99)9999-9999'\"   type=\"phone\" data-field=\"fld_182028\" class=\" form-control\" id=\"fld_182028_1\" name=\"fld_182028\" value=\"\" data-type=\"phone\"   aria-labelledby=\"fld_182028Label\" >\t\t\t<\/div>\r\n<\/div>\r\n<\/div><\/div><div id=\"CF5a68e0c2adcc3_1-row-3\"  class=\"row \"><div  class=\"col-sm-12  single\"><div class=\"\"><h4>Em que podemos lhe ajudar?<\/h4>\n<p>Fique a vontade para nos perguntar ou apenas deixar um coment\u00e1rio.<\/p>\n<hr>\n<\/div><\/div><\/div><div id=\"CF5a68e0c2adcc3_1-row-4\"  class=\"row \"><div  class=\"col-sm-12  single\"><div data-field-wrapper=\"fld_7683514\" class=\"form-group\" id=\"fld_7683514_1-wrap\">\r\n\t<label id=\"fld_7683514Label\" for=\"fld_7683514_1\" class=\"control-label\">Mensagem <span aria-hidden=\"true\" role=\"presentation\" class=\"field_required\" style=\"color:#ee0000;\">*<\/span><\/label>\r\n\t<div class=\"\">\r\n\t\t<textarea name=\"fld_7683514\" value=\"\" data-field=\"fld_7683514\" class=\"form-control\" id=\"fld_7683514_1\" rows=\"7\"  required=\"required\"  aria-labelledby=\"fld_7683514Label\" ><\/textarea>\n\t\t\t<\/div>\r\n<\/div>\r\n<div data-field-wrapper=\"fld_1752580\" class=\"form-group\" id=\"fld_1752580_1-wrap\">\r\n<label id=\"fld_1752580Label\" for=\"fld_1752580_1\" class=\"control-label screen-reader-text sr-only\">recaptcha<\/label>\r\n\n\n<div class=\"\">\r\n\n<input placeholder=\"recaptcha\"  required type=\"hidden\" data-field=\"fld_1752580\" class=\" form-control\" id=\"fld_1752580_1\" name=\"fld_1752580\" value=\"\" data-type=\"recaptcha\" aria-required=\"true\"   aria-labelledby=\"fld_1752580Label\" >\n\t<div id=\"capfld_1752580_1\" class=\"g-recaptcha\" data-sitekey=\"6Lf5PWQcAAAAAEDSdWz8gPpsWUz5TtXMtUUeKXhR\" ><\/div>\n\n\n<\/div>\r\n\n<\/div>\r\n<\/div><\/div><div id=\"CF5a68e0c2adcc3_1-row-5\"  class=\"row  last_row\"><div  class=\"col-sm-12  single\"><div data-field-wrapper=\"fld_7908577\" class=\"form-group\" id=\"fld_7908577_1-wrap\">\r\n<div class=\"\">\r\n\t<input  class=\"btn btn-default\" type=\"submit\" name=\"fld_7908577\" id=\"fld_7908577_1\" value=\"Enviar Mensagem\" data-field=\"fld_7908577\"  >\n<\/div>\r\n<\/div>\r\n\t<input class=\"button_trigger_1\" type=\"hidden\" name=\"fld_7908577\" id=\"fld_7908577_1_btn\" value=\"\" data-field=\"fld_7908577\"  \/>\n<\/div><\/div><\/form>\r\n<\/div>\r\n            <\/div>\n            \t\t<\/div>\n\t\t\t\t<\/div>\n\t\t\t\t\t\t<\/div>\n\t\t\t\t\t<\/div>\n\t\t<\/div>\n\t\t\t\t\t\t\t\t<\/div>\n\t\t\t\t\t<\/div>\n\t\t<\/section>\n\t\t\t\t<section class=\"elementor-section elementor-top-section elementor-element elementor-element-d766230 elementor-section-boxed elementor-section-height-default elementor-section-height-default\" data-id=\"d766230\" data-element_type=\"section\" id=\"localizacao\">\n\t\t\t\t\t\t<div class=\"elementor-container elementor-column-gap-default\">\n\t\t\t\t\t\t\t<div class=\"elementor-row\">\n\t\t\t\t\t<div class=\"elementor-column elementor-col-100 elementor-top-column elementor-element elementor-element-6dd113a\" data-id=\"6dd113a\" data-element_type=\"column\">\n\t\t\t<div class=\"elementor-column-wrap elementor-element-populated\">\n\t\t\t\t\t\t\t<div class=\"elementor-widget-wrap\">\n\t\t\t\t\t\t<div class=\"elementor-element elementor-element-af858b8 elementor-invisible elementor-widget elementor-widget-heading\" data-id=\"af858b8\" data-element_type=\"widget\" data-settings=\"{&quot;_animation&quot;:&quot;fadeInRight&quot;}\" data-widget_type=\"heading.default\">\n\t\t\t\t<div class=\"elementor-widget-container\">\n\t\t\t<h2 class=\"elementor-heading-title elementor-size-default\">Localiza\u00e7\u00e3o<\/h2>\t\t<\/div>\n\t\t\t\t<\/div>\n\t\t\t\t\t\t<\/div>\n\t\t\t\t\t<\/div>\n\t\t<\/div>\n\t\t\t\t\t\t\t\t<\/div>\n\t\t\t\t\t<\/div>\n\t\t<\/section>\n\t\t\t\t<section class=\"elementor-section elementor-top-section elementor-element elementor-element-0ca4dae elementor-section-stretched elementor-section-boxed elementor-section-height-default elementor-section-height-default\" data-id=\"0ca4dae\" data-element_type=\"section\" data-settings=\"{&quot;stretch_section&quot;:&quot;section-stretched&quot;}\">\n\t\t\t\t\t\t<div class=\"elementor-container elementor-column-gap-default\">\n\t\t\t\t\t\t\t<div class=\"elementor-row\">\n\t\t\t\t\t<div class=\"elementor-column elementor-col-100 elementor-top-column elementor-element elementor-element-e781169\" data-id=\"e781169\" data-element_type=\"column\">\n\t\t\t<div class=\"elementor-column-wrap elementor-element-populated\">\n\t\t\t\t\t\t\t<div class=\"elementor-widget-wrap\">\n\t\t\t\t\t\t<div class=\"elementor-element elementor-element-b1709f2 elementor-widget elementor-widget-google_maps\" data-id=\"b1709f2\" data-element_type=\"widget\" data-widget_type=\"google_maps.default\">\n\t\t\t\t<div class=\"elementor-widget-container\">\n\t\t\t\t\t<div class=\"elementor-custom-embed\">\n\t\t\t<iframe frameborder=\"0\" scrolling=\"no\" marginheight=\"0\" marginwidth=\"0\"\n\t\t\t\t\tsrc=\"https:\/\/maps.google.com\/maps?q=Rua%20Timbiras%20625%20-%20Bairro%20Saraiva%20Uberl%C3%A2ndia%20-%20MG&#038;t=m&#038;z=15&#038;output=embed&#038;iwloc=near\"\n\t\t\t\t\ttitle=\"Rua Timbiras 625 - Bairro Saraiva Uberl\u00e2ndia - MG\"\n\t\t\t\t\taria-label=\"Rua Timbiras 625 - Bairro Saraiva Uberl\u00e2ndia - MG\"\n\t\t\t><\/iframe>\n\t\t<\/div>\n\t\t\t\t<\/div>\n\t\t\t\t<\/div>\n\t\t\t\t\t\t<\/div>\n\t\t\t\t\t<\/div>\n\t\t<\/div>\n\t\t\t\t\t\t\t\t<\/div>\n\t\t\t\t\t<\/div>\n\t\t<\/section>\n\t\t\t\t\t\t<\/div>\n\t\t\t\t\t\t<\/div>\n\t\t\t\t\t<\/div>\n\t\t","protected":false},"excerpt":{"rendered":"<p>(34) 99653-6668 contato@marsegepis.com.br Rua Timbiras 625 &#8211; Bairro Saraiva Uberl\u00e2ndia &#8211; MG Phone Formul\u00e1rio de Contato Nome * Endere\u00e7o de Email * Celular Fixo Em que podemos lhe ajudar? Fique a vontade para nos perguntar ou apenas deixar um coment\u00e1rio. Mensagem * Localiza\u00e7\u00e3o<\/p>\n","protected":false},"author":1,"featured_media":0,"parent":0,"menu_order":0,"comment_status":"closed","ping_status":"closed","template":"","meta":[],"_links":{"self":[{"href":"https:\/\/marsegepis.com.br\/portal\/wp-json\/wp\/v2\/pages\/49"}],"collection":[{"href":"https:\/\/marsegepis.com.br\/portal\/wp-json\/wp\/v2\/pages"}],"about":[{"href":"https:\/\/marsegepis.com.br\/portal\/wp-json\/wp\/v2\/types\/page"}],"author":[{"embeddable":true,"href":"https:\/\/marsegepis.com.br\/portal\/wp-json\/wp\/v2\/users\/1"}],"replies":[{"embeddable":true,"href":"https:\/\/marsegepis.com.br\/portal\/wp-json\/wp\/v2\/comments?post=49"}],"version-history":[{"count":17,"href":"https:\/\/marsegepis.com.br\/portal\/wp-json\/wp\/v2\/pages\/49\/revisions"}],"predecessor-version":[{"id":302,"href":"https:\/\/marsegepis.com.br\/portal\/wp-json\/wp\/v2\/pages\/49\/revisions\/302"}],"wp:attachment":[{"href":"https:\/\/marsegepis.com.br\/portal\/wp-json\/wp\/v2\/media?parent=49"}],"curies":[{"name":"wp","href":"https:\/\/api.w.org\/{rel}","templated":true}]}}