{"id":40,"date":"2018-10-16T11:39:18","date_gmt":"2018-10-16T14:39:18","guid":{"rendered":"http:\/\/marsegepis.com.br\/portal\/?page_id=40"},"modified":"2018-10-21T12:19:22","modified_gmt":"2018-10-21T15:19:22","slug":"institucional","status":"publish","type":"page","link":"https:\/\/marsegepis.com.br\/portal\/institucional\/","title":{"rendered":"Marseg"},"content":{"rendered":"\t\t<div data-elementor-type=\"wp-page\" data-elementor-id=\"40\" class=\"elementor elementor-40 elementor-bc-flex-widget\" data-elementor-settings=\"[]\">\n\t\t\t\t\t\t<div class=\"elementor-inner\">\n\t\t\t\t\t\t\t<div class=\"elementor-section-wrap\">\n\t\t\t\t\t\t\t<section class=\"elementor-section elementor-top-section elementor-element elementor-element-cb99a94 elementor-section-stretched elementor-section-boxed elementor-section-height-default elementor-section-height-default\" data-id=\"cb99a94\" data-element_type=\"section\" data-settings=\"{&quot;stretch_section&quot;:&quot;section-stretched&quot;}\">\n\t\t\t\t\t\t<div class=\"elementor-container elementor-column-gap-default\">\n\t\t\t\t\t\t\t<div class=\"elementor-row\">\n\t\t\t\t\t<div class=\"elementor-column elementor-col-100 elementor-top-column elementor-element elementor-element-febdc24\" data-id=\"febdc24\" data-element_type=\"column\">\n\t\t\t<div class=\"elementor-column-wrap elementor-element-populated\">\n\t\t\t\t\t\t\t<div class=\"elementor-widget-wrap\">\n\t\t\t\t\t\t<div class=\"elementor-element elementor-element-27102a4 elementor-invisible elementor-widget elementor-widget-heading\" data-id=\"27102a4\" data-element_type=\"widget\" data-settings=\"{&quot;_animation&quot;:&quot;fadeInDown&quot;}\" data-widget_type=\"heading.default\">\n\t\t\t\t<div class=\"elementor-widget-container\">\n\t\t\t<h2 class=\"elementor-heading-title elementor-size-default\">Marseg<\/h2>\t\t<\/div>\n\t\t\t\t<\/div>\n\t\t\t\t\t\t<\/div>\n\t\t\t\t\t<\/div>\n\t\t<\/div>\n\t\t\t\t\t\t\t\t<\/div>\n\t\t\t\t\t<\/div>\n\t\t<\/section>\n\t\t\t\t<section class=\"elementor-section elementor-top-section elementor-element elementor-element-552980a elementor-section-stretched elementor-section-boxed elementor-section-height-default elementor-section-height-default\" data-id=\"552980a\" data-element_type=\"section\" data-settings=\"{&quot;stretch_section&quot;:&quot;section-stretched&quot;}\">\n\t\t\t\t\t\t<div class=\"elementor-container elementor-column-gap-default\">\n\t\t\t\t\t\t\t<div class=\"elementor-row\">\n\t\t\t\t\t<div class=\"elementor-column elementor-col-100 elementor-top-column elementor-element elementor-element-214441c\" data-id=\"214441c\" data-element_type=\"column\">\n\t\t\t<div class=\"elementor-column-wrap elementor-element-populated\">\n\t\t\t\t\t\t\t<div class=\"elementor-widget-wrap\">\n\t\t\t\t\t\t<div class=\"elementor-element elementor-element-c1f83f1 elementor-widget elementor-widget-text-editor\" data-id=\"c1f83f1\" data-element_type=\"widget\" data-widget_type=\"text-editor.default\">\n\t\t\t\t<div class=\"elementor-widget-container\">\n\t\t\t\t\t\t\t\t<div class=\"elementor-text-editor elementor-clearfix\">\n\t\t\t\t<p>A Marseg Equipamentos de Prote\u00e7\u00e3o \u00e9 uma empresa especializada em Fabrica\u00e7\u00e3o e Comercializa\u00e7\u00e3o de Equipamentos de Prote\u00e7\u00e3o Individual \u201cE.P.I.\u201d.\u00a0<\/p><p>Foi constitu\u00edda no ano 2002 para atender as necessidades de prote\u00e7\u00e3o individual das pessoas, tanto em suas atividades profissionais e pessoais. Apesar do pouco tempo de exist\u00eancia, a empresa \u00e9 detentora de grande experi\u00eancia de mercado, tendo em vista o know how de seus diretores, administradores e colaboradores.\u00a0<\/p><p>A Marseg Equipamentos esta localizada no estado de Minas Gerais, na cidade de Uberl\u00e2ndia. Esta localiza\u00e7\u00e3o aliada a qualidade de seus produtos propicia competitividade, pois o escoamento dos produtos obedece uma log\u00edstica de distribui\u00e7\u00e3o facilitada devido esta localiza\u00e7\u00e3o.\u00a0<\/p><p>Os servi\u00e7os apresentados s\u00e3o frutos de estudos desenvolvidos no sentido de oferecer assessoria especializada na \u00e1rea de Equipamentos de Prote\u00e7\u00e3o Individual aos seus clientes, propiciando a evolu\u00e7\u00e3o da cultura de utiliza\u00e7\u00e3o E.P.I. de forma confort\u00e1vel e segura.\u00a0<\/p><p>Acreditando sempre em novas parcerias, a Marseg Equipamentos espera contribuir com a evolu\u00e7\u00e3o das pessoas e das organiza\u00e7\u00f5es e o principal objetivo da empresa \u00e9 estar sempre adequando os produtos e servi\u00e7os, oferecendo prote\u00e7\u00e3o, comodidade, garantia, qualidade e rela\u00e7\u00e3o custo-benef\u00edcio aos clientes diretos e indiretos.<\/p>\t\t\t\t\t<\/div>\n\t\t\t\t\t\t<\/div>\n\t\t\t\t<\/div>\n\t\t\t\t\t\t<\/div>\n\t\t\t\t\t<\/div>\n\t\t<\/div>\n\t\t\t\t\t\t\t\t<\/div>\n\t\t\t\t\t<\/div>\n\t\t<\/section>\n\t\t\t\t<section class=\"elementor-section elementor-top-section elementor-element elementor-element-6f48caf elementor-section-stretched elementor-section-boxed elementor-section-height-default elementor-section-height-default\" data-id=\"6f48caf\" data-element_type=\"section\" data-settings=\"{&quot;stretch_section&quot;:&quot;section-stretched&quot;}\">\n\t\t\t\t\t\t<div class=\"elementor-container elementor-column-gap-default\">\n\t\t\t\t\t\t\t<div class=\"elementor-row\">\n\t\t\t\t\t<div class=\"elementor-column elementor-col-100 elementor-top-column elementor-element elementor-element-579a043\" data-id=\"579a043\" data-element_type=\"column\">\n\t\t\t<div class=\"elementor-column-wrap elementor-element-populated\">\n\t\t\t\t\t\t\t<div class=\"elementor-widget-wrap\">\n\t\t\t\t\t\t<div class=\"elementor-element elementor-element-a403132 elementor-invisible elementor-widget elementor-widget-heading\" data-id=\"a403132\" data-element_type=\"widget\" data-settings=\"{&quot;_animation&quot;:&quot;fadeInDown&quot;}\" data-widget_type=\"heading.default\">\n\t\t\t\t<div class=\"elementor-widget-container\">\n\t\t\t<h2 class=\"elementor-heading-title elementor-size-default\">Nossa Miss\u00e3o<\/h2>\t\t<\/div>\n\t\t\t\t<\/div>\n\t\t\t\t\t\t<\/div>\n\t\t\t\t\t<\/div>\n\t\t<\/div>\n\t\t\t\t\t\t\t\t<\/div>\n\t\t\t\t\t<\/div>\n\t\t<\/section>\n\t\t\t\t<section class=\"elementor-section elementor-top-section elementor-element elementor-element-ac793c2 elementor-section-stretched elementor-section-boxed elementor-section-height-default elementor-section-height-default\" data-id=\"ac793c2\" data-element_type=\"section\" data-settings=\"{&quot;stretch_section&quot;:&quot;section-stretched&quot;}\">\n\t\t\t\t\t\t<div class=\"elementor-container elementor-column-gap-default\">\n\t\t\t\t\t\t\t<div class=\"elementor-row\">\n\t\t\t\t\t<div class=\"elementor-column elementor-col-100 elementor-top-column elementor-element elementor-element-66d26c6\" data-id=\"66d26c6\" data-element_type=\"column\">\n\t\t\t<div class=\"elementor-column-wrap elementor-element-populated\">\n\t\t\t\t\t\t\t<div class=\"elementor-widget-wrap\">\n\t\t\t\t\t\t<div class=\"elementor-element elementor-element-494cf80 elementor-widget elementor-widget-text-editor\" data-id=\"494cf80\" data-element_type=\"widget\" data-widget_type=\"text-editor.default\">\n\t\t\t\t<div class=\"elementor-widget-container\">\n\t\t\t\t\t\t\t\t<div class=\"elementor-text-editor elementor-clearfix\">\n\t\t\t\t<p>Oferecer a excel\u00eancia em EPI&#8217;s, proporcionando seguran\u00e7a para os trabalhadores das mais diversas \u00e1reas de trabalho a cada dia pela qualidade e a padroniza\u00e7\u00e3o dos produtos.\u00a0<br \/><br \/>Ajudando no aumento da prudutividade e alcance das expectativas das empresas parceiras antes, durante e ap\u00f3s cada venda.\u00a0<\/p>\t\t\t\t\t<\/div>\n\t\t\t\t\t\t<\/div>\n\t\t\t\t<\/div>\n\t\t\t\t\t\t<\/div>\n\t\t\t\t\t<\/div>\n\t\t<\/div>\n\t\t\t\t\t\t\t\t<\/div>\n\t\t\t\t\t<\/div>\n\t\t<\/section>\n\t\t\t\t\t\t<\/div>\n\t\t\t\t\t\t<\/div>\n\t\t\t\t\t<\/div>\n\t\t","protected":false},"excerpt":{"rendered":"<p>Marseg A Marseg Equipamentos de Prote\u00e7\u00e3o \u00e9 uma empresa especializada em Fabrica\u00e7\u00e3o e Comercializa\u00e7\u00e3o de Equipamentos de Prote\u00e7\u00e3o Individual \u201cE.P.I.\u201d.\u00a0 Foi constitu\u00edda no ano 2002 para atender as necessidades de prote\u00e7\u00e3o individual das pessoas, tanto em suas atividades profissionais e pessoais. Apesar do pouco tempo de exist\u00eancia, a empresa \u00e9 detentora de grande experi\u00eancia de &#8230; <a title=\"Marseg\" class=\"read-more\" href=\"https:\/\/marsegepis.com.br\/portal\/institucional\/\">Ler mais<span class=\"screen-reader-text\">Marseg<\/span><\/a><\/p>\n","protected":false},"author":1,"featured_media":0,"parent":0,"menu_order":0,"comment_status":"closed","ping_status":"closed","template":"","meta":[],"_links":{"self":[{"href":"https:\/\/marsegepis.com.br\/portal\/wp-json\/wp\/v2\/pages\/40"}],"collection":[{"href":"https:\/\/marsegepis.com.br\/portal\/wp-json\/wp\/v2\/pages"}],"about":[{"href":"https:\/\/marsegepis.com.br\/portal\/wp-json\/wp\/v2\/types\/page"}],"author":[{"embeddable":true,"href":"https:\/\/marsegepis.com.br\/portal\/wp-json\/wp\/v2\/users\/1"}],"replies":[{"embeddable":true,"href":"https:\/\/marsegepis.com.br\/portal\/wp-json\/wp\/v2\/comments?post=40"}],"version-history":[{"count":9,"href":"https:\/\/marsegepis.com.br\/portal\/wp-json\/wp\/v2\/pages\/40\/revisions"}],"predecessor-version":[{"id":259,"href":"https:\/\/marsegepis.com.br\/portal\/wp-json\/wp\/v2\/pages\/40\/revisions\/259"}],"wp:attachment":[{"href":"https:\/\/marsegepis.com.br\/portal\/wp-json\/wp\/v2\/media?parent=40"}],"curies":[{"name":"wp","href":"https:\/\/api.w.org\/{rel}","templated":true}]}}